{"id":1204,"date":"2025-01-09T08:04:24","date_gmt":"2025-01-09T08:04:24","guid":{"rendered":"https:\/\/apotheke-sillian.at\/informativa-sulla-privacy\/"},"modified":"2025-07-28T06:02:46","modified_gmt":"2025-07-28T06:02:46","slug":"informativa-sulla-privacy","status":"publish","type":"page","link":"https:\/\/apotheke-sillian.at\/it\/informativa-sulla-privacy\/","title":{"rendered":"Informativa sulla privacy"},"content":{"rendered":"\t\t<div data-elementor-type=\"wp-page\" data-elementor-id=\"1204\" class=\"elementor elementor-1204 elementor-722\" data-elementor-post-type=\"page\">\n\t\t\t\t<div class=\"elementor-element elementor-element-70507b7 e-flex e-con-boxed e-con e-parent\" data-id=\"70507b7\" data-element_type=\"container\" data-e-type=\"container\">\n\t\t\t\t\t<div class=\"e-con-inner\">\n\t\t\t\t<div class=\"elementor-element elementor-element-ebca519 elementor-widget elementor-widget-heading\" data-id=\"ebca519\" data-element_type=\"widget\" data-e-type=\"widget\" data-widget_type=\"heading.default\">\n\t\t\t\t<div class=\"elementor-widget-container\">\n\t\t\t\t\t<h2 class=\"elementor-heading-title elementor-size-default\">Informativa sulla privacy<\/h2>\t\t\t\t<\/div>\n\t\t\t\t<\/div>\n\t\t\t\t<div class=\"elementor-element elementor-element-1a54bb8 elementor-widget elementor-widget-text-editor\" data-id=\"1a54bb8\" data-element_type=\"widget\" data-e-type=\"widget\" data-widget_type=\"text-editor.default\">\n\t\t\t\t<div class=\"elementor-widget-container\">\n\t\t\t\t\t\t\t\t\t<p>La protezione dei tuoi dati personali ci sta particolarmente a cuore. Per questo motivo trattiamo i tuoi dati esclusivamente sulla base delle disposizioni di legge (GDPR, TKG 2003). In questa informativa sulla protezione dei dati, ti informiamo sugli aspetti pi\u00f9 importanti del trattamento dei dati sul nostro sito web.  <\/p><p><strong>Contattaci<\/strong><\/p><p>Se ci contatti utilizzando il modulo sul sito web o via e-mail, i dati che ci fornisci saranno conservati da noi per sei mesi allo scopo di elaborare la richiesta e in caso di domande successive. Non trasmetteremo questi dati senza il tuo consenso. <\/p><p><strong>I tuoi diritti<\/strong><\/p><p>In linea di principio, hai i diritti di informazione, correzione, cancellazione, restrizione, portabilit\u00e0 dei dati, cancellazione e opposizione. Se ritieni che il trattamento dei tuoi dati violi la legge sulla protezione dei dati o che i tuoi diritti di protezione dei dati siano stati violati in qualsiasi altro modo, puoi presentare un reclamo all&#8217;autorit\u00e0 di vigilanza. In Austria, questa \u00e8 l&#8217;autorit\u00e0 per la protezione dei dati.  <\/p><p><strong>Biscotti<\/strong><\/p><p>Utilizziamo lo strumento di consenso &#8220;Real Cookie Banner&#8221; per gestire i cookie e le tecnologie simili utilizzate (pixel di tracciamento, web beacon, ecc.) e i relativi consensi. I dettagli sul funzionamento di &#8220;Real Cookie Banner&#8221; sono disponibili all&#8217;indirizzo <a href=\"https:\/\/devowl.io\/de\/rcb\/datenverarbeitung\/\" target=\"_blank\" rel=\"noopener noreferrer\">https:\/\/devowl.io\/de\/rcb\/datenverarbeitung\/.<\/a> <\/p><p>La base giuridica per il trattamento dei dati personali in questo contesto \u00e8 l&#8217;art. 6 par. 1 lit. c GDPR e l&#8217;art. 6 par. 1 lit. f GDPR. Il nostro legittimo interesse \u00e8 la gestione dei cookie e delle tecnologie simili utilizzate e i relativi consensi.     <\/p><p>Il conferimento dei dati personali non \u00e8 richiesto contrattualmente n\u00e9 necessario per la conclusione di un contratto. Non sei obbligato a fornire i dati personali. Se non fornisci i dati personali, non saremo in grado di gestire i tuoi consensi.  <\/p><p><strong>Utilizzo di Google Maps<\/strong><\/p><p>Questo sito web utilizza l&#8217;API di Google Maps per visualizzare le informazioni geografiche. Quando viene utilizzato Google Maps, Google raccoglie, elabora e utilizza anche i dati relativi all&#8217;utilizzo delle funzioni della mappa da parte dei visitatori. Puoi trovare maggiori informazioni sul trattamento dei dati da parte di Google <a href=\"http:\/\/www.google.com\/privacypolicy.html\" target=\"_blank\" rel=\"noopener noreferrer\">nelle informazioni sulla protezione dei dati di Google<\/a>. Puoi anche modificare le tue impostazioni di protezione dei dati personali nel centro di protezione dei dati.   <\/p><p><strong>Puoi raggiungerci ai seguenti recapiti<\/strong>:<\/p><div class=\"elementor-element elementor-element-f910d2b elementor-widget elementor-widget-text-editor\" data-id=\"f910d2b\" data-element_type=\"widget\" data-widget_type=\"text-editor.default\"><div class=\"elementor-widget-container\"><p>Marien-Apotheke Sillian<br>Mag. pharm. Angelika Ortner <\/p><\/div><\/div><div class=\"elementor-element elementor-element-5c2eece elementor-icon-list--layout-traditional elementor-list-item-link-full_width elementor-widget elementor-widget-icon-list\" data-id=\"5c2eece\" data-element_type=\"widget\" data-widget_type=\"icon-list.default\"><div class=\"elementor-widget-container\"><p><span class=\"elementor-icon-list-text\">Sillian 8, 9920 Sillian<br><\/span><span class=\"elementor-icon-list-text\">+43 4842 63 29<br><\/span><a href=\"mailto:info@apotheke-sillian.at\"><span class=\"elementor-icon-list-text\">info@apotheke-sillian.at<\/span><\/a><\/p><\/div><\/div><p class=\"wa_style_jbalxqcw1duorfu3yo\"><strong>Forma giuridica<\/strong>:  <span class=\"whitespace-pre\">Marien-Apotheke Mag. pharm. Angelika Ortner e.U. <br><\/span><strong>Oggetto sociale<\/strong>: Gestione di una farmacia<br><strong>Numero di registro della societ\u00e0<\/strong>: FN 339127t<br><strong>UID n.<\/strong>ATU81129146<br><strong>Autorit\u00e0 di vigilanza competente:<\/strong> Ministero Federale della Salute<br><strong>Camera di appartenenza:<\/strong> Camera dei Farmacisti Austriaci<br><a href=\"https:\/\/www.apothekerkammer.at\/infothek\/rechtliche-hintergruende\/apothekenrecht\/apothekengesetz\" target=\"_blank\" rel=\"noopener\"><strong>Leggi e regolamenti rilevanti per la farmacia<\/strong><\/a><\/p>\t\t\t\t\t\t\t\t<\/div>\n\t\t\t\t<\/div>\n\t\t\t\t\t<\/div>\n\t\t\t\t<\/div>\n\t\t\t\t<\/div>\n\t\t","protected":false},"excerpt":{"rendered":"<p>Informativa sulla privacy La protezione dei tuoi dati personali ci sta particolarmente a cuore. Per questo motivo trattiamo i tuoi dati esclusivamente sulla base delle disposizioni di legge (GDPR, TKG 2003). In questa informativa sulla protezione dei dati, ti informiamo sugli aspetti pi\u00f9 importanti del trattamento dei dati sul nostro sito web. Contattaci Se ci [&hellip;]<\/p>\n","protected":false},"author":1,"featured_media":0,"parent":0,"menu_order":0,"comment_status":"closed","ping_status":"closed","template":"elementor_header_footer","meta":{"footnotes":""},"class_list":["post-1204","page","type-page","status-publish","hentry","entry"],"yoast_head":"<!-- This site is optimized with the Yoast SEO plugin v27.3 - https:\/\/yoast.com\/product\/yoast-seo-wordpress\/ -->\n<title>Informativa sulla privacy - Marien-Apotheke Sillian<\/title>\n<meta name=\"robots\" content=\"noindex, nofollow\" \/>\n<meta property=\"og:locale\" content=\"it_IT\" \/>\n<meta property=\"og:type\" content=\"article\" \/>\n<meta property=\"og:title\" content=\"Informativa sulla privacy - Marien-Apotheke Sillian\" \/>\n<meta property=\"og:description\" content=\"Informativa sulla privacy La protezione dei tuoi dati personali ci sta particolarmente a cuore. Per questo motivo trattiamo i tuoi dati esclusivamente sulla base delle disposizioni di legge (GDPR, TKG 2003). In questa informativa sulla protezione dei dati, ti informiamo sugli aspetti pi\u00f9 importanti del trattamento dei dati sul nostro sito web. Contattaci Se ci [&hellip;]\" \/>\n<meta property=\"og:url\" content=\"https:\/\/apotheke-sillian.at\/it\/informativa-sulla-privacy\/\" \/>\n<meta property=\"og:site_name\" content=\"Marien-Apotheke Sillian\" \/>\n<meta property=\"article:modified_time\" content=\"2025-07-28T06:02:46+00:00\" \/>\n<meta name=\"twitter:card\" content=\"summary_large_image\" \/>\n<meta name=\"twitter:label1\" content=\"Tempo di lettura stimato\" \/>\n\t<meta name=\"twitter:data1\" content=\"2 minuti\" \/>\n<script type=\"application\/ld+json\" class=\"yoast-schema-graph\">{\"@context\":\"https:\\\/\\\/schema.org\",\"@graph\":[{\"@type\":\"WebPage\",\"@id\":\"https:\\\/\\\/apotheke-sillian.at\\\/it\\\/informativa-sulla-privacy\\\/\",\"url\":\"https:\\\/\\\/apotheke-sillian.at\\\/it\\\/informativa-sulla-privacy\\\/\",\"name\":\"Informativa sulla privacy - Marien-Apotheke Sillian\",\"isPartOf\":{\"@id\":\"https:\\\/\\\/apotheke-sillian.at\\\/#website\"},\"datePublished\":\"2025-01-09T08:04:24+00:00\",\"dateModified\":\"2025-07-28T06:02:46+00:00\",\"breadcrumb\":{\"@id\":\"https:\\\/\\\/apotheke-sillian.at\\\/it\\\/informativa-sulla-privacy\\\/#breadcrumb\"},\"inLanguage\":\"it-IT\",\"potentialAction\":[{\"@type\":\"ReadAction\",\"target\":[\"https:\\\/\\\/apotheke-sillian.at\\\/it\\\/informativa-sulla-privacy\\\/\"]}]},{\"@type\":\"BreadcrumbList\",\"@id\":\"https:\\\/\\\/apotheke-sillian.at\\\/it\\\/informativa-sulla-privacy\\\/#breadcrumb\",\"itemListElement\":[{\"@type\":\"ListItem\",\"position\":1,\"name\":\"Startseite\",\"item\":\"https:\\\/\\\/apotheke-sillian.at\\\/it\\\/farmacia-marien-sillian\\\/\"},{\"@type\":\"ListItem\",\"position\":2,\"name\":\"Informativa sulla privacy\"}]},{\"@type\":\"WebSite\",\"@id\":\"https:\\\/\\\/apotheke-sillian.at\\\/#website\",\"url\":\"https:\\\/\\\/apotheke-sillian.at\\\/\",\"name\":\"Marien-Apotheke Sillian\",\"description\":\"Angelika Ortner\",\"publisher\":{\"@id\":\"https:\\\/\\\/apotheke-sillian.at\\\/#organization\"},\"potentialAction\":[{\"@type\":\"SearchAction\",\"target\":{\"@type\":\"EntryPoint\",\"urlTemplate\":\"https:\\\/\\\/apotheke-sillian.at\\\/?s={search_term_string}\"},\"query-input\":{\"@type\":\"PropertyValueSpecification\",\"valueRequired\":true,\"valueName\":\"search_term_string\"}}],\"inLanguage\":\"it-IT\"},{\"@type\":\"Organization\",\"@id\":\"https:\\\/\\\/apotheke-sillian.at\\\/#organization\",\"name\":\"Marien-Apotheke Sillian\",\"url\":\"https:\\\/\\\/apotheke-sillian.at\\\/\",\"logo\":{\"@type\":\"ImageObject\",\"inLanguage\":\"it-IT\",\"@id\":\"https:\\\/\\\/apotheke-sillian.at\\\/#\\\/schema\\\/logo\\\/image\\\/\",\"url\":\"https:\\\/\\\/apotheke-sillian.at\\\/wp-content\\\/uploads\\\/2024\\\/09\\\/Element-8a4.png\",\"contentUrl\":\"https:\\\/\\\/apotheke-sillian.at\\\/wp-content\\\/uploads\\\/2024\\\/09\\\/Element-8a4.png\",\"width\":2936,\"height\":1050,\"caption\":\"Marien-Apotheke Sillian\"},\"image\":{\"@id\":\"https:\\\/\\\/apotheke-sillian.at\\\/#\\\/schema\\\/logo\\\/image\\\/\"}}]}<\/script>\n<!-- \/ Yoast SEO plugin. -->","yoast_head_json":{"title":"Informativa sulla privacy - Marien-Apotheke Sillian","robots":{"index":"noindex","follow":"nofollow"},"og_locale":"it_IT","og_type":"article","og_title":"Informativa sulla privacy - Marien-Apotheke Sillian","og_description":"Informativa sulla privacy La protezione dei tuoi dati personali ci sta particolarmente a cuore. Per questo motivo trattiamo i tuoi dati esclusivamente sulla base delle disposizioni di legge (GDPR, TKG 2003). In questa informativa sulla protezione dei dati, ti informiamo sugli aspetti pi\u00f9 importanti del trattamento dei dati sul nostro sito web. Contattaci Se ci [&hellip;]","og_url":"https:\/\/apotheke-sillian.at\/it\/informativa-sulla-privacy\/","og_site_name":"Marien-Apotheke Sillian","article_modified_time":"2025-07-28T06:02:46+00:00","twitter_card":"summary_large_image","twitter_misc":{"Tempo di lettura stimato":"2 minuti"},"schema":{"@context":"https:\/\/schema.org","@graph":[{"@type":"WebPage","@id":"https:\/\/apotheke-sillian.at\/it\/informativa-sulla-privacy\/","url":"https:\/\/apotheke-sillian.at\/it\/informativa-sulla-privacy\/","name":"Informativa sulla privacy - Marien-Apotheke Sillian","isPartOf":{"@id":"https:\/\/apotheke-sillian.at\/#website"},"datePublished":"2025-01-09T08:04:24+00:00","dateModified":"2025-07-28T06:02:46+00:00","breadcrumb":{"@id":"https:\/\/apotheke-sillian.at\/it\/informativa-sulla-privacy\/#breadcrumb"},"inLanguage":"it-IT","potentialAction":[{"@type":"ReadAction","target":["https:\/\/apotheke-sillian.at\/it\/informativa-sulla-privacy\/"]}]},{"@type":"BreadcrumbList","@id":"https:\/\/apotheke-sillian.at\/it\/informativa-sulla-privacy\/#breadcrumb","itemListElement":[{"@type":"ListItem","position":1,"name":"Startseite","item":"https:\/\/apotheke-sillian.at\/it\/farmacia-marien-sillian\/"},{"@type":"ListItem","position":2,"name":"Informativa sulla privacy"}]},{"@type":"WebSite","@id":"https:\/\/apotheke-sillian.at\/#website","url":"https:\/\/apotheke-sillian.at\/","name":"Marien-Apotheke Sillian","description":"Angelika Ortner","publisher":{"@id":"https:\/\/apotheke-sillian.at\/#organization"},"potentialAction":[{"@type":"SearchAction","target":{"@type":"EntryPoint","urlTemplate":"https:\/\/apotheke-sillian.at\/?s={search_term_string}"},"query-input":{"@type":"PropertyValueSpecification","valueRequired":true,"valueName":"search_term_string"}}],"inLanguage":"it-IT"},{"@type":"Organization","@id":"https:\/\/apotheke-sillian.at\/#organization","name":"Marien-Apotheke Sillian","url":"https:\/\/apotheke-sillian.at\/","logo":{"@type":"ImageObject","inLanguage":"it-IT","@id":"https:\/\/apotheke-sillian.at\/#\/schema\/logo\/image\/","url":"https:\/\/apotheke-sillian.at\/wp-content\/uploads\/2024\/09\/Element-8a4.png","contentUrl":"https:\/\/apotheke-sillian.at\/wp-content\/uploads\/2024\/09\/Element-8a4.png","width":2936,"height":1050,"caption":"Marien-Apotheke Sillian"},"image":{"@id":"https:\/\/apotheke-sillian.at\/#\/schema\/logo\/image\/"}}]}},"_links":{"self":[{"href":"https:\/\/apotheke-sillian.at\/it\/wp-json\/wp\/v2\/pages\/1204","targetHints":{"allow":["GET"]}}],"collection":[{"href":"https:\/\/apotheke-sillian.at\/it\/wp-json\/wp\/v2\/pages"}],"about":[{"href":"https:\/\/apotheke-sillian.at\/it\/wp-json\/wp\/v2\/types\/page"}],"author":[{"embeddable":true,"href":"https:\/\/apotheke-sillian.at\/it\/wp-json\/wp\/v2\/users\/1"}],"replies":[{"embeddable":true,"href":"https:\/\/apotheke-sillian.at\/it\/wp-json\/wp\/v2\/comments?post=1204"}],"version-history":[{"count":2,"href":"https:\/\/apotheke-sillian.at\/it\/wp-json\/wp\/v2\/pages\/1204\/revisions"}],"predecessor-version":[{"id":1248,"href":"https:\/\/apotheke-sillian.at\/it\/wp-json\/wp\/v2\/pages\/1204\/revisions\/1248"}],"wp:attachment":[{"href":"https:\/\/apotheke-sillian.at\/it\/wp-json\/wp\/v2\/media?parent=1204"}],"curies":[{"name":"wp","href":"https:\/\/api.w.org\/{rel}","templated":true}]}}