{"id":1205,"date":"2025-01-09T07:52:59","date_gmt":"2025-01-09T07:52:59","guid":{"rendered":"https:\/\/apotheke-sillian.at\/impronta\/"},"modified":"2025-07-28T06:03:05","modified_gmt":"2025-07-28T06:03:05","slug":"impronta","status":"publish","type":"page","link":"https:\/\/apotheke-sillian.at\/it\/impronta\/","title":{"rendered":"Impronta"},"content":{"rendered":"\t\t<div data-elementor-type=\"wp-page\" data-elementor-id=\"1205\" class=\"elementor elementor-1205 elementor-713\" data-elementor-post-type=\"page\">\n\t\t\t\t<div class=\"elementor-element elementor-element-d383988 e-flex e-con-boxed e-con e-parent\" data-id=\"d383988\" data-element_type=\"container\" data-e-type=\"container\">\n\t\t\t\t\t<div class=\"e-con-inner\">\n\t\t\t\t<div class=\"elementor-element elementor-element-0db4315 elementor-widget elementor-widget-heading\" data-id=\"0db4315\" data-element_type=\"widget\" data-e-type=\"widget\" data-widget_type=\"heading.default\">\n\t\t\t\t<div class=\"elementor-widget-container\">\n\t\t\t\t\t<h2 class=\"elementor-heading-title elementor-size-default\">Impronta<\/h2>\t\t\t\t<\/div>\n\t\t\t\t<\/div>\n\t\t\t\t<div class=\"elementor-element elementor-element-79354f3 elementor-widget elementor-widget-text-editor\" data-id=\"79354f3\" data-element_type=\"widget\" data-e-type=\"widget\" data-widget_type=\"text-editor.default\">\n\t\t\t\t<div class=\"elementor-widget-container\">\n\t\t\t\t\t\t\t\t\t<section class=\"elementor-section elementor-top-section elementor-element elementor-element-0e6317e elementor-section-boxed elementor-section-height-default elementor-section-height-default\" data-id=\"0e6317e\" data-element_type=\"section\"><div class=\"elementor-container elementor-column-gap-default\"><div class=\"elementor-column elementor-col-50 elementor-top-column elementor-element elementor-element-10f0a92\" data-id=\"10f0a92\" data-element_type=\"column\"><div class=\"elementor-widget-wrap elementor-element-populated\"><div class=\"elementor-element elementor-element-be63379 elementor-widget elementor-widget-text-editor\" data-id=\"be63379\" data-element_type=\"widget\" data-widget_type=\"text-editor.default\"><div class=\"elementor-widget-container\"><p><strong>Responsabile dei contenuti<\/strong><\/p><div><div class=\"elementor-element elementor-element-f910d2b elementor-widget elementor-widget-text-editor\" data-id=\"f910d2b\" data-element_type=\"widget\" data-widget_type=\"text-editor.default\"><div class=\"elementor-widget-container\"><p>Marien-Apotheke Sillian<br>Mag. pharm. Angelika Ortner <\/p><\/div><\/div><div class=\"elementor-element elementor-element-5c2eece elementor-icon-list--layout-traditional elementor-list-item-link-full_width elementor-widget elementor-widget-icon-list\" data-id=\"5c2eece\" data-element_type=\"widget\" data-widget_type=\"icon-list.default\"><div class=\"elementor-widget-container\"><p><span class=\"elementor-icon-list-text\">Sillian 8, 9920 Sillian<br><\/span><span class=\"elementor-icon-list-text\">+43 4842 63 29<br><\/span><a href=\"mailto:info@apotheke-sillian.at\"><span class=\"elementor-icon-list-text\">info@apotheke-sillian.at<\/span><\/a><\/p><\/div><\/div><p class=\"wa_style_jbalxqcw1duorfu3yo\"><strong>Forma giuridica<\/strong>:  <span class=\"whitespace-pre\">Marien-Apotheke Mag. pharm. Angelika Ortner e.U. <br><\/span><strong>Oggetto sociale<\/strong>: Gestione di una farmacia<br><strong>Numero di registro della societ\u00e0<\/strong>: FN 339127t<br><strong>UID n.<\/strong>ATU81129146<br><strong>Autorit\u00e0 di vigilanza competente:<\/strong> Ministero Federale della Salute<br><strong>Camera di appartenenza:<\/strong> Camera dei Farmacisti Austriaci<br><a href=\"https:\/\/www.apothekerkammer.at\/infothek\/rechtliche-hintergruende\/apothekenrecht\/apothekengesetz\" target=\"_blank\" rel=\"noopener\"><strong>Leggi e regolamenti rilevanti per la farmacia<\/strong><\/a><\/p><\/div><\/div><\/div><\/div><\/div><div class=\"elementor-column elementor-col-50 elementor-top-column elementor-element elementor-element-cb50ef3\" data-id=\"cb50ef3\" data-element_type=\"column\"><div class=\"elementor-widget-wrap elementor-element-populated\"><div class=\"elementor-element elementor-element-eb06033 elementor-widget elementor-widget-text-editor\" data-id=\"eb06033\" data-element_type=\"widget\" data-widget_type=\"text-editor.default\"><div class=\"elementor-widget-container\"><p class=\"sppb-addon-title\"><strong>Concetto, layout, programmazione<\/strong><\/p><div class=\"sppb-addon-content\"><p>Alphamedia Tirol GmbH<br>Aue 185 b | A-9920 Sillian<br><a href=\"http:\/\/www.alphamedia.tirol\">www.alphamedia.tirol<\/a><\/p><\/div><\/div><\/div><div class=\"elementor-element elementor-element-455826d elementor-widget elementor-widget-image\" data-id=\"455826d\" data-element_type=\"widget\" data-widget_type=\"image.default\"><div class=\"elementor-widget-container\"><a href=\"https:\/\/alphamedia.co.at\/\" target=\"_blank\" rel=\"noopener\"><img decoding=\"async\" class=\"attachment-medium size-medium wp-image-7921\" src=\"https:\/\/villgrater-bergfleisch.at\/wp-content\/uploads\/2023\/07\/logo-schwarz-300x147.png\" sizes=\"(max-width: 300px) 100vw, 300px\" srcset=\"https:\/\/villgrater-bergfleisch.at\/wp-content\/uploads\/2023\/07\/logo-schwarz-300x147.png 300w, https:\/\/villgrater-bergfleisch.at\/wp-content\/uploads\/2023\/07\/logo-schwarz.png 543w\" alt=\"\" width=\"300\" height=\"147\"><\/a><\/div><\/div><\/div><\/div><\/div><\/section><section class=\"elementor-section elementor-top-section elementor-element elementor-element-d6274f9 elementor-section-boxed elementor-section-height-default elementor-section-height-default\" data-id=\"d6274f9\" data-element_type=\"section\"><div class=\"elementor-container elementor-column-gap-default\"><div class=\"elementor-column elementor-col-100 elementor-top-column elementor-element elementor-element-476bb581\" data-id=\"476bb581\" data-element_type=\"column\"><div class=\"elementor-widget-wrap elementor-element-populated\"><div class=\"elementor-element elementor-element-04a6737 elementor-widget elementor-widget-text-editor\" data-id=\"04a6737\" data-element_type=\"widget\" data-widget_type=\"text-editor.default\"><div class=\"elementor-widget-container\"><h1>Esclusione di responsabilit\u00e0<\/h1><p><strong>Responsabilit\u00e0 per i contenuti<\/strong><\/p><p>I contenuti delle nostre pagine sono stati creati con la massima cura. Tuttavia, non possiamo assumerci alcuna responsabilit\u00e0 per l&#8217;accuratezza, la completezza e l&#8217;attualit\u00e0 dei contenuti. In qualit\u00e0 di fornitore di servizi, siamo responsabili dei nostri contenuti su queste pagine ai sensi del \u00a7 7 comma 1 TMG (legge tedesca sui media telematici) e delle leggi generali. Ai sensi dei \u00a7\u00a7 8-10 TMG, tuttavia, in qualit\u00e0 di fornitore di servizi non siamo obbligati a monitorare le informazioni trasmesse o memorizzate da terzi o a indagare su circostanze che indicano un&#8217;attivit\u00e0 illegale. Gli obblighi di rimuovere o bloccare l&#8217;uso delle informazioni in conformit\u00e0 alla legislazione generale rimangono inalterati. Tuttavia, la responsabilit\u00e0 in questo senso \u00e8 possibile solo dal momento in cui si viene a conoscenza di una specifica violazione. Non appena verremo a conoscenza di tali violazioni, rimuoveremo immediatamente i contenuti.       <\/p><p><strong>Responsabilit\u00e0 per i link<\/strong><\/p><p>Il nostro sito web contiene link a siti web esterni di terzi sui cui contenuti non abbiamo alcuna influenza. Pertanto, non possiamo assumerci alcuna responsabilit\u00e0 per questi contenuti di terzi. Il rispettivo fornitore o gestore delle pagine \u00e8 sempre responsabile del contenuto delle pagine collegate. Le pagine collegate sono state controllate per verificare la presenza di eventuali violazioni legali al momento del collegamento. I contenuti illegali non sono stati individuati al momento del collegamento. Tuttavia, il monitoraggio permanente del contenuto delle pagine collegate non \u00e8 ragionevole in assenza di prove concrete di una violazione. Se dovessimo venire a conoscenza di eventuali violazioni legali, rimuoveremo immediatamente tali link.      <\/p><p><strong>Copyright<\/strong><\/p><p>I contenuti e le opere create dagli operatori del sito in queste pagine sono soggetti alla legge tedesca sul copyright. La duplicazione, l&#8217;elaborazione, la distribuzione e qualsiasi tipo di utilizzo al di fuori dei limiti della legge sul copyright richiedono il consenso scritto del rispettivo autore o creatore. I download e le copie di questo sito sono consentiti solo per uso privato e non commerciale. Nella misura in cui i contenuti di questo sito non sono stati creati dall&#8217;operatore, vengono rispettati i diritti d&#8217;autore di terzi. In particolare, i contenuti di terzi sono contrassegnati come tali. Se tuttavia dovessi venire a conoscenza di una violazione del copyright, ti preghiamo di informarci di conseguenza. Qualora venissimo a conoscenza di violazioni, provvederemo a rimuovere immediatamente tali contenuti.      <\/p><p><strong>Protezione dei dati<\/strong><\/p><p>L&#8217;utilizzo del nostro sito web \u00e8 generalmente possibile senza fornire dati personali. Se sul nostro sito web vengono raccolti dati personali (ad esempio nome, indirizzo o indirizzo e-mail), ci\u00f2 avviene sempre, per quanto possibile, su base volontaria. Tali dati non saranno trasmessi a terzi senza il tuo esplicito consenso.    <br>Desideriamo sottolineare che la trasmissione di dati su Internet (ad esempio quando si comunica via e-mail) pu\u00f2 presentare lacune nella sicurezza. Non \u00e8 possibile proteggere completamente i dati dall&#8217;accesso di terzi.   <br>Con la presente si vieta espressamente l&#8217;utilizzo dei dati di contatto pubblicati nell&#8217;ambito dell&#8217;obbligo di imprinting da parte di terzi per l&#8217;invio di materiale pubblicitario e informativo non richiesto. Gli operatori di questo sito web si riservano espressamente il diritto di intraprendere azioni legali in caso di invio non richiesto di informazioni pubblicitarie, come ad esempio e-mail di spam. <\/p><p><strong>Google Analytics<\/strong><\/p><p>Questo sito web utilizza Google Analytics, un servizio di analisi web fornito da Google Inc (&#8220;Google&#8221;). Google Analytics utilizza dei &#8220;cookies&#8221;, che sono file di testo che vengono depositati sul tuo computer per consentire al sito web di analizzare come gli utenti utilizzano il sito. Le informazioni generate dal cookie sull&#8217;utilizzo del sito web da parte dell&#8217;utente (compreso il suo indirizzo IP) verranno trasmesse e memorizzate da Google su un server negli Stati Uniti. Google utilizzer\u00e0 queste informazioni allo scopo di analizzare l&#8217;utilizzo del sito web da parte dell&#8217;utente, compilare report sulle attivit\u00e0 del sito web per gli operatori del sito web e fornire altri servizi relativi alle attivit\u00e0 del sito web e all&#8217;utilizzo di Internet. Google pu\u00f2 anche trasferire queste informazioni a terzi, qualora ci\u00f2 sia richiesto dalla legge o qualora tali terzi elaborino le informazioni per conto di Google. Google non assocer\u00e0 il tuo indirizzo IP a nessun altro dato posseduto da Google. L&#8217;utente pu\u00f2 rifiutare l&#8217;uso dei cookie selezionando l&#8217;impostazione appropriata sul proprio browser; tuttavia, si prega di notare che in tal caso potrebbe non essere in grado di utilizzare tutte le funzionalit\u00e0 di questo sito web. Utilizzando il presente sito web, l&#8217;utente acconsente al trattamento dei propri dati da parte di Google per le modalit\u00e0 e i fini sopraindicati.        <\/p><p><strong>Foto<\/strong><\/p><p class=\"wa_style_jbalxqcw1duorfu3yo\">Alphamedia<br>Marien-Apotheke Sillian<\/p><\/div><\/div><\/div><\/div><\/div><\/section>\t\t\t\t\t\t\t\t<\/div>\n\t\t\t\t<\/div>\n\t\t\t\t\t<\/div>\n\t\t\t\t<\/div>\n\t\t\t\t<\/div>\n\t\t","protected":false},"excerpt":{"rendered":"<p>Impronta Responsabile dei contenuti Marien-Apotheke SillianMag. pharm. Angelika Ortner Sillian 8, 9920 Sillian+43 4842 63 29info@apotheke-sillian.at Forma giuridica: Marien-Apotheke Mag. pharm. Angelika Ortner e.U. Oggetto sociale: Gestione di una farmaciaNumero di registro della societ\u00e0: FN 339127tUID n.ATU81129146Autorit\u00e0 di vigilanza competente: Ministero Federale della SaluteCamera di appartenenza: Camera dei Farmacisti AustriaciLeggi e regolamenti rilevanti per la [&hellip;]<\/p>\n","protected":false},"author":1,"featured_media":0,"parent":0,"menu_order":0,"comment_status":"closed","ping_status":"closed","template":"elementor_header_footer","meta":{"footnotes":""},"class_list":["post-1205","page","type-page","status-publish","hentry","entry"],"yoast_head":"<!-- This site is optimized with the Yoast SEO plugin v27.3 - https:\/\/yoast.com\/product\/yoast-seo-wordpress\/ -->\n<title>Impronta - Marien-Apotheke Sillian<\/title>\n<meta name=\"robots\" content=\"noindex, nofollow\" \/>\n<meta property=\"og:locale\" content=\"it_IT\" \/>\n<meta property=\"og:type\" content=\"article\" \/>\n<meta property=\"og:title\" content=\"Impronta - Marien-Apotheke Sillian\" \/>\n<meta property=\"og:description\" content=\"Impronta Responsabile dei contenuti Marien-Apotheke SillianMag. pharm. Angelika Ortner Sillian 8, 9920 Sillian+43 4842 63 29info@apotheke-sillian.at Forma giuridica: Marien-Apotheke Mag. pharm. Angelika Ortner e.U. Oggetto sociale: Gestione di una farmaciaNumero di registro della societ\u00e0: FN 339127tUID n.ATU81129146Autorit\u00e0 di vigilanza competente: Ministero Federale della SaluteCamera di appartenenza: Camera dei Farmacisti AustriaciLeggi e regolamenti rilevanti per la [&hellip;]\" \/>\n<meta property=\"og:url\" content=\"https:\/\/apotheke-sillian.at\/it\/impronta\/\" \/>\n<meta property=\"og:site_name\" content=\"Marien-Apotheke Sillian\" \/>\n<meta property=\"article:modified_time\" content=\"2025-07-28T06:03:05+00:00\" \/>\n<meta name=\"twitter:card\" content=\"summary_large_image\" \/>\n<meta name=\"twitter:label1\" content=\"Tempo di lettura stimato\" \/>\n\t<meta name=\"twitter:data1\" content=\"4 minuti\" \/>\n<script type=\"application\/ld+json\" class=\"yoast-schema-graph\">{\"@context\":\"https:\\\/\\\/schema.org\",\"@graph\":[{\"@type\":\"WebPage\",\"@id\":\"https:\\\/\\\/apotheke-sillian.at\\\/it\\\/impronta\\\/\",\"url\":\"https:\\\/\\\/apotheke-sillian.at\\\/it\\\/impronta\\\/\",\"name\":\"Impronta - Marien-Apotheke Sillian\",\"isPartOf\":{\"@id\":\"https:\\\/\\\/apotheke-sillian.at\\\/#website\"},\"primaryImageOfPage\":{\"@id\":\"https:\\\/\\\/apotheke-sillian.at\\\/it\\\/impronta\\\/#primaryimage\"},\"image\":{\"@id\":\"https:\\\/\\\/apotheke-sillian.at\\\/it\\\/impronta\\\/#primaryimage\"},\"thumbnailUrl\":\"https:\\\/\\\/villgrater-bergfleisch.at\\\/wp-content\\\/uploads\\\/2023\\\/07\\\/logo-schwarz-300x147.png\",\"datePublished\":\"2025-01-09T07:52:59+00:00\",\"dateModified\":\"2025-07-28T06:03:05+00:00\",\"breadcrumb\":{\"@id\":\"https:\\\/\\\/apotheke-sillian.at\\\/it\\\/impronta\\\/#breadcrumb\"},\"inLanguage\":\"it-IT\",\"potentialAction\":[{\"@type\":\"ReadAction\",\"target\":[\"https:\\\/\\\/apotheke-sillian.at\\\/it\\\/impronta\\\/\"]}]},{\"@type\":\"ImageObject\",\"inLanguage\":\"it-IT\",\"@id\":\"https:\\\/\\\/apotheke-sillian.at\\\/it\\\/impronta\\\/#primaryimage\",\"url\":\"https:\\\/\\\/villgrater-bergfleisch.at\\\/wp-content\\\/uploads\\\/2023\\\/07\\\/logo-schwarz-300x147.png\",\"contentUrl\":\"https:\\\/\\\/villgrater-bergfleisch.at\\\/wp-content\\\/uploads\\\/2023\\\/07\\\/logo-schwarz-300x147.png\"},{\"@type\":\"BreadcrumbList\",\"@id\":\"https:\\\/\\\/apotheke-sillian.at\\\/it\\\/impronta\\\/#breadcrumb\",\"itemListElement\":[{\"@type\":\"ListItem\",\"position\":1,\"name\":\"Startseite\",\"item\":\"https:\\\/\\\/apotheke-sillian.at\\\/it\\\/farmacia-marien-sillian\\\/\"},{\"@type\":\"ListItem\",\"position\":2,\"name\":\"Impronta\"}]},{\"@type\":\"WebSite\",\"@id\":\"https:\\\/\\\/apotheke-sillian.at\\\/#website\",\"url\":\"https:\\\/\\\/apotheke-sillian.at\\\/\",\"name\":\"Marien-Apotheke Sillian\",\"description\":\"Angelika Ortner\",\"publisher\":{\"@id\":\"https:\\\/\\\/apotheke-sillian.at\\\/#organization\"},\"potentialAction\":[{\"@type\":\"SearchAction\",\"target\":{\"@type\":\"EntryPoint\",\"urlTemplate\":\"https:\\\/\\\/apotheke-sillian.at\\\/?s={search_term_string}\"},\"query-input\":{\"@type\":\"PropertyValueSpecification\",\"valueRequired\":true,\"valueName\":\"search_term_string\"}}],\"inLanguage\":\"it-IT\"},{\"@type\":\"Organization\",\"@id\":\"https:\\\/\\\/apotheke-sillian.at\\\/#organization\",\"name\":\"Marien-Apotheke Sillian\",\"url\":\"https:\\\/\\\/apotheke-sillian.at\\\/\",\"logo\":{\"@type\":\"ImageObject\",\"inLanguage\":\"it-IT\",\"@id\":\"https:\\\/\\\/apotheke-sillian.at\\\/#\\\/schema\\\/logo\\\/image\\\/\",\"url\":\"https:\\\/\\\/apotheke-sillian.at\\\/wp-content\\\/uploads\\\/2024\\\/09\\\/Element-8a4.png\",\"contentUrl\":\"https:\\\/\\\/apotheke-sillian.at\\\/wp-content\\\/uploads\\\/2024\\\/09\\\/Element-8a4.png\",\"width\":2936,\"height\":1050,\"caption\":\"Marien-Apotheke Sillian\"},\"image\":{\"@id\":\"https:\\\/\\\/apotheke-sillian.at\\\/#\\\/schema\\\/logo\\\/image\\\/\"}}]}<\/script>\n<!-- \/ Yoast SEO plugin. -->","yoast_head_json":{"title":"Impronta - Marien-Apotheke Sillian","robots":{"index":"noindex","follow":"nofollow"},"og_locale":"it_IT","og_type":"article","og_title":"Impronta - Marien-Apotheke Sillian","og_description":"Impronta Responsabile dei contenuti Marien-Apotheke SillianMag. pharm. Angelika Ortner Sillian 8, 9920 Sillian+43 4842 63 29info@apotheke-sillian.at Forma giuridica: Marien-Apotheke Mag. pharm. Angelika Ortner e.U. Oggetto sociale: Gestione di una farmaciaNumero di registro della societ\u00e0: FN 339127tUID n.ATU81129146Autorit\u00e0 di vigilanza competente: Ministero Federale della SaluteCamera di appartenenza: Camera dei Farmacisti AustriaciLeggi e regolamenti rilevanti per la [&hellip;]","og_url":"https:\/\/apotheke-sillian.at\/it\/impronta\/","og_site_name":"Marien-Apotheke Sillian","article_modified_time":"2025-07-28T06:03:05+00:00","twitter_card":"summary_large_image","twitter_misc":{"Tempo di lettura stimato":"4 minuti"},"schema":{"@context":"https:\/\/schema.org","@graph":[{"@type":"WebPage","@id":"https:\/\/apotheke-sillian.at\/it\/impronta\/","url":"https:\/\/apotheke-sillian.at\/it\/impronta\/","name":"Impronta - Marien-Apotheke Sillian","isPartOf":{"@id":"https:\/\/apotheke-sillian.at\/#website"},"primaryImageOfPage":{"@id":"https:\/\/apotheke-sillian.at\/it\/impronta\/#primaryimage"},"image":{"@id":"https:\/\/apotheke-sillian.at\/it\/impronta\/#primaryimage"},"thumbnailUrl":"https:\/\/villgrater-bergfleisch.at\/wp-content\/uploads\/2023\/07\/logo-schwarz-300x147.png","datePublished":"2025-01-09T07:52:59+00:00","dateModified":"2025-07-28T06:03:05+00:00","breadcrumb":{"@id":"https:\/\/apotheke-sillian.at\/it\/impronta\/#breadcrumb"},"inLanguage":"it-IT","potentialAction":[{"@type":"ReadAction","target":["https:\/\/apotheke-sillian.at\/it\/impronta\/"]}]},{"@type":"ImageObject","inLanguage":"it-IT","@id":"https:\/\/apotheke-sillian.at\/it\/impronta\/#primaryimage","url":"https:\/\/villgrater-bergfleisch.at\/wp-content\/uploads\/2023\/07\/logo-schwarz-300x147.png","contentUrl":"https:\/\/villgrater-bergfleisch.at\/wp-content\/uploads\/2023\/07\/logo-schwarz-300x147.png"},{"@type":"BreadcrumbList","@id":"https:\/\/apotheke-sillian.at\/it\/impronta\/#breadcrumb","itemListElement":[{"@type":"ListItem","position":1,"name":"Startseite","item":"https:\/\/apotheke-sillian.at\/it\/farmacia-marien-sillian\/"},{"@type":"ListItem","position":2,"name":"Impronta"}]},{"@type":"WebSite","@id":"https:\/\/apotheke-sillian.at\/#website","url":"https:\/\/apotheke-sillian.at\/","name":"Marien-Apotheke Sillian","description":"Angelika Ortner","publisher":{"@id":"https:\/\/apotheke-sillian.at\/#organization"},"potentialAction":[{"@type":"SearchAction","target":{"@type":"EntryPoint","urlTemplate":"https:\/\/apotheke-sillian.at\/?s={search_term_string}"},"query-input":{"@type":"PropertyValueSpecification","valueRequired":true,"valueName":"search_term_string"}}],"inLanguage":"it-IT"},{"@type":"Organization","@id":"https:\/\/apotheke-sillian.at\/#organization","name":"Marien-Apotheke Sillian","url":"https:\/\/apotheke-sillian.at\/","logo":{"@type":"ImageObject","inLanguage":"it-IT","@id":"https:\/\/apotheke-sillian.at\/#\/schema\/logo\/image\/","url":"https:\/\/apotheke-sillian.at\/wp-content\/uploads\/2024\/09\/Element-8a4.png","contentUrl":"https:\/\/apotheke-sillian.at\/wp-content\/uploads\/2024\/09\/Element-8a4.png","width":2936,"height":1050,"caption":"Marien-Apotheke Sillian"},"image":{"@id":"https:\/\/apotheke-sillian.at\/#\/schema\/logo\/image\/"}}]}},"_links":{"self":[{"href":"https:\/\/apotheke-sillian.at\/it\/wp-json\/wp\/v2\/pages\/1205","targetHints":{"allow":["GET"]}}],"collection":[{"href":"https:\/\/apotheke-sillian.at\/it\/wp-json\/wp\/v2\/pages"}],"about":[{"href":"https:\/\/apotheke-sillian.at\/it\/wp-json\/wp\/v2\/types\/page"}],"author":[{"embeddable":true,"href":"https:\/\/apotheke-sillian.at\/it\/wp-json\/wp\/v2\/users\/1"}],"replies":[{"embeddable":true,"href":"https:\/\/apotheke-sillian.at\/it\/wp-json\/wp\/v2\/comments?post=1205"}],"version-history":[{"count":1,"href":"https:\/\/apotheke-sillian.at\/it\/wp-json\/wp\/v2\/pages\/1205\/revisions"}],"predecessor-version":[{"id":1279,"href":"https:\/\/apotheke-sillian.at\/it\/wp-json\/wp\/v2\/pages\/1205\/revisions\/1279"}],"wp:attachment":[{"href":"https:\/\/apotheke-sillian.at\/it\/wp-json\/wp\/v2\/media?parent=1205"}],"curies":[{"name":"wp","href":"https:\/\/api.w.org\/{rel}","templated":true}]}}